{"id":7395,"date":"2022-10-19T08:30:03","date_gmt":"2022-10-19T06:30:03","guid":{"rendered":"http:\/\/46.4.84.82\/~ossi\/?page_id=7395"},"modified":"2023-02-23T10:13:47","modified_gmt":"2023-02-23T09:13:47","slug":"capabilities","status":"publish","type":"page","link":"https:\/\/ossi.dk\/de\/fahigkeiten\/","title":{"rendered":"F\u00e4higkeiten"},"content":{"rendered":"<div data-elementor-type=\"wp-page\" data-elementor-id=\"7395\" class=\"elementor elementor-7395\" data-elementor-post-type=\"page\">\n\t\t\t\t\t\t<section class=\"wd-negative-gap elementor-section elementor-top-section elementor-element elementor-element-d7ab9b5 elementor-section-boxed elementor-section-height-default elementor-section-height-default\" data-id=\"d7ab9b5\" data-element_type=\"section\" data-settings=\"{&quot;jet_parallax_layout_list&quot;:[]}\">\n\t\t\t\t\t\t<div class=\"elementor-container elementor-column-gap-default\">\n\t\t\t\t\t<div class=\"elementor-column elementor-col-50 elementor-top-column elementor-element elementor-element-c066d9f\" data-id=\"c066d9f\" data-element_type=\"column\">\n\t\t\t<div class=\"elementor-widget-wrap elementor-element-populated\">\n\t\t\t\t\t\t<div class=\"elementor-element elementor-element-9b2b5ad elementor-widget elementor-widget-heading\" data-id=\"9b2b5ad\" data-element_type=\"widget\" data-widget_type=\"heading.default\">\n\t\t\t\t<div class=\"elementor-widget-container\">\n\t\t\t\t\t<h2 class=\"elementor-heading-title elementor-size-default\">Design und Entwicklung<\/h2>\t\t\t\t<\/div>\n\t\t\t\t<\/div>\n\t\t\t\t<div class=\"elementor-element elementor-element-880c764 color-scheme-inherit text-left elementor-widget elementor-widget-text-editor\" data-id=\"880c764\" data-element_type=\"widget\" data-widget_type=\"text-editor.default\">\n\t\t\t\t<div class=\"elementor-widget-container\">\n\t\t\t\t\t\t\t\t\t<div class=\"rtejustify\">Beim Entwurf und der Entwicklung neuer Produkte innerhalb unserer eigenen Produktpalette oder kundenspezifischer L\u00f6sungen arbeiten wir mit unserem CAD-System SolidWorks\u00ae.<\/div>\n<div class=\"rtejustify\">Auf dem Weg von der Idee zur Produktion arbeiten wir in folgenden strategischen Schritten:<\/div>\n<div>&nbsp;<\/div>\n<ul>\n<li>Grundlegendes Layout der Komponenten<\/li>\n<li>Erste Zeichnungs\u00fcberarbeitung<\/li>\n<li>Prototyp<\/li>\n<li>Test<\/li>\n<li>Abrechnung von Spezifikationen<\/li>\n<li>Zweite Zeichnungs\u00fcberarbeitung<\/li>\n<li>Werkzeugzeichnungen f\u00fcr das Gie\u00dfen und Stanzen<\/li>\n<li>Erste Produkte f\u00fcr die Inspektion<\/li>\n<li>Serienproduktion<\/li>\n<li>Lieferkette und Logistik initiiert<\/li><\/ul>\t\t\t\t\t\t\t\t<\/div>\n\t\t\t\t<\/div>\n\t\t\t\t<div class=\"elementor-element elementor-element-4d6392c elementor-widget elementor-widget-heading\" data-id=\"4d6392c\" data-element_type=\"widget\" data-widget_type=\"heading.default\">\n\t\t\t\t<div class=\"elementor-widget-container\">\n\t\t\t\t\t<h2 class=\"elementor-heading-title elementor-size-default\">Unterauftragnehmer<\/h2>\t\t\t\t<\/div>\n\t\t\t\t<\/div>\n\t\t\t\t<div class=\"elementor-element elementor-element-0f54119 color-scheme-inherit text-left elementor-widget elementor-widget-text-editor\" data-id=\"0f54119\" data-element_type=\"widget\" data-widget_type=\"text-editor.default\">\n\t\t\t\t<div class=\"elementor-widget-container\">\n\t\t\t\t\t\t\t\t\t<div class=\"rtejustify\"><div class=\"rtejustify\">In unserem Werk in Maribo profitieren die Kunden von unserer Erfahrung und unserem Wissen als Zulieferer und Anbieter von Unterauftr\u00e4gen.<\/div><div class=\"rtejustify\">Durch den Einsatz von Ossi Connectors als Zulieferer erleben die Kunden einen zuverl\u00e4ssigen und serviceorientierten Partner, der L\u00f6sungen in den folgenden Bereichen liefert:<\/div><div class=\"rtejustify\">\u00a0<\/div><ul><li>Produktentwicklung<\/li><li>CAD\/CAM von SolidWorks\u00ae<\/li><li>Werkzeugbau<\/li><li>Prototypen<\/li><li>Serienproduktion<\/li><li>Montage von Bauteilen<\/li><li>Kit-Verpackung und Gro\u00dfverpackungs-Service<\/li><li>Private Etikettierung<\/li><li>Overmoulding<\/li><li>Tampondruck<\/li><\/ul><\/div>\t\t\t\t\t\t\t\t<\/div>\n\t\t\t\t<\/div>\n\t\t\t\t<div class=\"elementor-element elementor-element-e0cf83a elementor-widget elementor-widget-wd_image_or_svg\" data-id=\"e0cf83a\" data-element_type=\"widget\" data-widget_type=\"wd_image_or_svg.default\">\n\t\t\t\t<div class=\"elementor-widget-container\">\n\t\t\t\t\t\n\t\t<div class=\"wd-image text-left\">\n\t\t\t\t\t\t\t\t<img fetchpriority=\"high\" decoding=\"async\" width=\"800\" height=\"300\" src=\"https:\/\/ossi.dk\/wp-content\/uploads\/Capabilities-\u2013-1.jpg\" class=\"attachment-full size-full\" alt=\"\" srcset=\"https:\/\/ossi.dk\/wp-content\/uploads\/Capabilities-\u2013-1.jpg 800w, https:\/\/ossi.dk\/wp-content\/uploads\/Capabilities-\u2013-1-300x113.jpg 300w, https:\/\/ossi.dk\/wp-content\/uploads\/Capabilities-\u2013-1-150x56.jpg 150w, https:\/\/ossi.dk\/wp-content\/uploads\/Capabilities-\u2013-1-600x225.jpg 600w, https:\/\/ossi.dk\/wp-content\/uploads\/Capabilities-\u2013-1-768x288.jpg 768w\" sizes=\"(max-width: 800px) 100vw, 800px\" \/>\t\t\t\t\t<\/div>\n\n\t\t\t\t\t\t<\/div>\n\t\t\t\t<\/div>\n\t\t\t\t<div class=\"elementor-element elementor-element-e4dce23 elementor-widget elementor-widget-wd_text_block\" data-id=\"e4dce23\" data-element_type=\"widget\" data-widget_type=\"wd_text_block.default\">\n\t\t\t\t<div class=\"elementor-widget-container\">\n\t\t\t\t\t\t\t<div class=\"wd-text-block reset-last-child text-left\">\n\t\t\t\n\t\t\t<p>Tampondruck und Tretroboter<\/p>\n\t\t\t\t\t<\/div>\n\t\t\t\t\t\t<\/div>\n\t\t\t\t<\/div>\n\t\t\t\t<div class=\"elementor-element elementor-element-cd03a87 elementor-widget elementor-widget-wd_image_or_svg\" data-id=\"cd03a87\" data-element_type=\"widget\" data-widget_type=\"wd_image_or_svg.default\">\n\t\t\t\t<div class=\"elementor-widget-container\">\n\t\t\t\t\t\n\t\t<div class=\"wd-image text-left\">\n\t\t\t\t\t\t\t\t<img decoding=\"async\" width=\"800\" height=\"300\" src=\"https:\/\/ossi.dk\/wp-content\/uploads\/Capabilities-\u2013-2.jpg\" class=\"attachment-full size-full\" alt=\"\" srcset=\"https:\/\/ossi.dk\/wp-content\/uploads\/Capabilities-\u2013-2.jpg 800w, https:\/\/ossi.dk\/wp-content\/uploads\/Capabilities-\u2013-2-300x113.jpg 300w, https:\/\/ossi.dk\/wp-content\/uploads\/Capabilities-\u2013-2-150x56.jpg 150w, https:\/\/ossi.dk\/wp-content\/uploads\/Capabilities-\u2013-2-600x225.jpg 600w, https:\/\/ossi.dk\/wp-content\/uploads\/Capabilities-\u2013-2-768x288.jpg 768w\" sizes=\"(max-width: 800px) 100vw, 800px\" \/>\t\t\t\t\t<\/div>\n\n\t\t\t\t\t\t<\/div>\n\t\t\t\t<\/div>\n\t\t\t\t<div class=\"elementor-element elementor-element-3220c6b elementor-widget elementor-widget-wd_text_block\" data-id=\"3220c6b\" data-element_type=\"widget\" data-widget_type=\"wd_text_block.default\">\n\t\t\t\t<div class=\"elementor-widget-container\">\n\t\t\t\t\t\t\t<div class=\"wd-text-block reset-last-child text-left\">\n\t\t\t\n\t\t\t<p>Automatisierte Verpackungslinie<\/p>\n\t\t\t\t\t<\/div>\n\t\t\t\t\t\t<\/div>\n\t\t\t\t<\/div>\n\t\t\t\t<div class=\"elementor-element elementor-element-ba59a47 elementor-widget elementor-widget-wd_image_or_svg\" data-id=\"ba59a47\" data-element_type=\"widget\" data-widget_type=\"wd_image_or_svg.default\">\n\t\t\t\t<div class=\"elementor-widget-container\">\n\t\t\t\t\t\n\t\t<div class=\"wd-image text-left\">\n\t\t\t\t\t\t\t\t<img decoding=\"async\" width=\"800\" height=\"300\" src=\"https:\/\/ossi.dk\/wp-content\/uploads\/Capabilities-\u2013-3.jpg\" class=\"attachment-full size-full\" alt=\"\" srcset=\"https:\/\/ossi.dk\/wp-content\/uploads\/Capabilities-\u2013-3.jpg 800w, https:\/\/ossi.dk\/wp-content\/uploads\/Capabilities-\u2013-3-300x113.jpg 300w, https:\/\/ossi.dk\/wp-content\/uploads\/Capabilities-\u2013-3-150x56.jpg 150w, https:\/\/ossi.dk\/wp-content\/uploads\/Capabilities-\u2013-3-600x225.jpg 600w, https:\/\/ossi.dk\/wp-content\/uploads\/Capabilities-\u2013-3-768x288.jpg 768w\" sizes=\"(max-width: 800px) 100vw, 800px\" \/>\t\t\t\t\t<\/div>\n\n\t\t\t\t\t\t<\/div>\n\t\t\t\t<\/div>\n\t\t\t\t<div class=\"elementor-element elementor-element-ef04413 elementor-widget elementor-widget-wd_text_block\" data-id=\"ef04413\" data-element_type=\"widget\" data-widget_type=\"wd_text_block.default\">\n\t\t\t\t<div class=\"elementor-widget-container\">\n\t\t\t\t\t\t\t<div class=\"wd-text-block reset-last-child text-left\">\n\t\t\t\n\t\t\t<p>Gie\u00dfen<\/p>\n\t\t\t\t\t<\/div>\n\t\t\t\t\t\t<\/div>\n\t\t\t\t<\/div>\n\t\t\t\t\t<\/div>\n\t\t<\/div>\n\t\t\t\t<div class=\"elementor-column elementor-col-50 elementor-top-column elementor-element elementor-element-e4c06e2\" data-id=\"e4c06e2\" data-element_type=\"column\">\n\t\t\t<div class=\"elementor-widget-wrap elementor-element-populated\">\n\t\t\t\t\t\t<div class=\"elementor-element elementor-element-c144d4d elementor-widget elementor-widget-heading\" data-id=\"c144d4d\" data-element_type=\"widget\" data-widget_type=\"heading.default\">\n\t\t\t\t<div class=\"elementor-widget-container\">\n\t\t\t\t\t<h2 class=\"elementor-heading-title elementor-size-default\">Kunststoffspritzguss<\/h2>\t\t\t\t<\/div>\n\t\t\t\t<\/div>\n\t\t\t\t<div class=\"elementor-element elementor-element-7395a40 color-scheme-inherit text-left elementor-widget elementor-widget-text-editor\" data-id=\"7395a40\" data-element_type=\"widget\" data-widget_type=\"text-editor.default\">\n\t\t\t\t<div class=\"elementor-widget-container\">\n\t\t\t\t\t\t\t\t\t<div class=\"rtejustify\"><div class=\"rtecenter\"><em><strong>Kapazit\u00e4t und Technologie<\/strong><\/em><\/div><div class=\"rtecenter\">\u00a0<\/div><div class=\"rtejustify\">Die Kunststoffspritzgussabteilung von Ossi Connectors arbeitet mit horizontalen und vertikalen Einspritzd\u00fcsen, je nach Aufgabe des Spritzgie\u00dfens. Unsere Spritzgie\u00dfkapazit\u00e4t liegt zwischen 22 und 100 Tonnen Druck und wir verwenden eine breite Palette von ungef\u00fcllten und glasgef\u00fcllten Kunststoffen. Wir spritzen sowohl Standardprodukte innerhalb unseres Produktportfolios als auch verschiedene kundenspezifisch entwickelte Komponenten.<\/div><div class=\"rtejustify\">Alle in der Produktion verwendeten Werkzeuge werden in unserer Werkzeugabteilung gem\u00e4\u00df den TQM-Qualit\u00e4tsrichtlinien entwickelt, hergestellt und gewartet. Durch dieses Verfahren maximieren wir die Lebensdauer der Werkzeuge, erweitern unser Wissen \u00fcber den Werkzeugbau und minimieren das Risiko einer Produktionsunterbrechung.<\/div><div>\u00a0<\/div><div class=\"rtecenter\"><em><strong>Einige der verwendeten Materialien<\/strong><\/em><\/div><div class=\"rtecenter\">\u00a0<\/div><ul><li>Polycarbonat UL94 V0 (PC)<\/li><li>Polyamid UL94 V2 (PA)<\/li><li>Glasgef\u00fclltes Polyamid UL94 V2 (PA)<\/li><li>Polyethersulfon UL94 V0 (PES)<\/li><li>Thermoplastisches Elastomer UL94 V0 (TPE)<\/li><li>Thermoplastisches Polyurethan UL94 V0 (TPU)<\/li><\/ul><\/div>\t\t\t\t\t\t\t\t<\/div>\n\t\t\t\t<\/div>\n\t\t\t\t<div class=\"elementor-element elementor-element-3749cf0 elementor-widget elementor-widget-heading\" data-id=\"3749cf0\" data-element_type=\"widget\" data-widget_type=\"heading.default\">\n\t\t\t\t<div class=\"elementor-widget-container\">\n\t\t\t\t\t<h2 class=\"elementor-heading-title elementor-size-default\">Werkzeugbau<\/h2>\t\t\t\t<\/div>\n\t\t\t\t<\/div>\n\t\t\t\t<div class=\"elementor-element elementor-element-698ebd1 color-scheme-inherit text-left elementor-widget elementor-widget-text-editor\" data-id=\"698ebd1\" data-element_type=\"widget\" data-widget_type=\"text-editor.default\">\n\t\t\t\t<div class=\"elementor-widget-container\">\n\t\t\t\t\t\t\t\t\t<div class=\"rtejustify\"><div class=\"rtecenter\"><div class=\"rtecenter\"><em><strong>Kunststoff-Spritzgie\u00dfwerkzeuge<br \/><br \/><\/strong><\/em><\/div><div class=\"rtejustify\">Ossi Connectors A\/S entwirft, entwickelt und fertigt Formwerkzeuge f\u00fcr unsere Standardproduktpalette und kundenspezifische L\u00f6sungen.\u00a0<\/div><div class=\"rtejustify\">Nach der Festlegung der Konstruktionsgrundlage besteht der n\u00e4chste Schritt im Werkzeugherstellungsprozess in der Entscheidung \u00fcber das Kunststoffmaterial, die Toleranzen, die gesch\u00e4tzte j\u00e4hrliche Nutzung, den Lebenszyklus und andere wichtige Parameter.<\/div><div class=\"rtejustify\">Wenn alle diese Kriterien erf\u00fcllt sind, beginnt der Herstellungsprozess des Werkzeugs.<\/div><div class=\"rtejustify\">Wir sind in der Lage, jedes erdenkliche Werkzeug herzustellen, vom Prototyp bis hin zu Spritzgusswerkzeugen mit mehreren Kavit\u00e4ten, die Mustermengen bis hin zu Millionen Teilen pro Jahr produzieren k\u00f6nnen.<\/div><div>\u00a0<\/div><div class=\"rtecenter\"><em><strong>Stanzwerkzeuge<br \/><br \/><\/strong><\/em><\/div><div class=\"rtejustify\">Unser Werkzeugbau bietet eine Vielzahl von Dienstleistungen in der Herstellung von Stanz- und Umformwerkzeugen. Wir entwickeln, erstellen 3D-Konstruktionen aus SolidWorks\u00ae und fertigen Werkzeuge in den Gesch\u00e4ftsbereichen Standard- und Sonderanfertigungen.<\/div><div>\u00a0<\/div><div>Unser Werkzeugbau ist ausgestattet mit:<\/div><div>\u00a0<\/div><ul><li>Fr\u00e4smaschinen<\/li><li>Funkenerosion (EDM), Funken und Draht<\/li><li>M\u00fchlen<\/li><li>Drehb\u00e4nke<\/li><\/ul><\/div><\/div>\t\t\t\t\t\t\t\t<\/div>\n\t\t\t\t<\/div>\n\t\t\t\t<div class=\"elementor-element elementor-element-41c5a95 elementor-widget elementor-widget-wd_image_or_svg\" data-id=\"41c5a95\" data-element_type=\"widget\" data-widget_type=\"wd_image_or_svg.default\">\n\t\t\t\t<div class=\"elementor-widget-container\">\n\t\t\t\t\t\n\t\t<div class=\"wd-image text-left\">\n\t\t\t\t\t\t\t\t<img loading=\"lazy\" decoding=\"async\" width=\"800\" height=\"300\" src=\"https:\/\/ossi.dk\/wp-content\/uploads\/Capabilities-\u2013-4.jpg\" class=\"attachment-full size-full\" alt=\"\" srcset=\"https:\/\/ossi.dk\/wp-content\/uploads\/Capabilities-\u2013-4.jpg 800w, https:\/\/ossi.dk\/wp-content\/uploads\/Capabilities-\u2013-4-300x113.jpg 300w, https:\/\/ossi.dk\/wp-content\/uploads\/Capabilities-\u2013-4-150x56.jpg 150w, https:\/\/ossi.dk\/wp-content\/uploads\/Capabilities-\u2013-4-600x225.jpg 600w, https:\/\/ossi.dk\/wp-content\/uploads\/Capabilities-\u2013-4-768x288.jpg 768w\" sizes=\"(max-width: 800px) 100vw, 800px\" \/>\t\t\t\t\t<\/div>\n\n\t\t\t\t\t\t<\/div>\n\t\t\t\t<\/div>\n\t\t\t\t<div class=\"elementor-element elementor-element-c3e6e01 elementor-widget elementor-widget-wd_text_block\" data-id=\"c3e6e01\" data-element_type=\"widget\" data-widget_type=\"wd_text_block.default\">\n\t\t\t\t<div class=\"elementor-widget-container\">\n\t\t\t\t\t\t\t<div class=\"wd-text-block reset-last-child text-left\">\n\t\t\t\n\t\t\t<p>Automatisierte Verpackungslinie<\/p>\n\t\t\t\t\t<\/div>\n\t\t\t\t\t\t<\/div>\n\t\t\t\t<\/div>\n\t\t\t\t<div class=\"elementor-element elementor-element-b28b30f elementor-widget elementor-widget-wd_image_or_svg\" data-id=\"b28b30f\" data-element_type=\"widget\" data-widget_type=\"wd_image_or_svg.default\">\n\t\t\t\t<div class=\"elementor-widget-container\">\n\t\t\t\t\t\n\t\t<div class=\"wd-image text-left\">\n\t\t\t\t\t\t\t\t<img loading=\"lazy\" decoding=\"async\" width=\"800\" height=\"300\" src=\"https:\/\/ossi.dk\/wp-content\/uploads\/Capabilities-\u2013-6.jpg\" class=\"attachment-full size-full\" alt=\"\" srcset=\"https:\/\/ossi.dk\/wp-content\/uploads\/Capabilities-\u2013-6.jpg 800w, https:\/\/ossi.dk\/wp-content\/uploads\/Capabilities-\u2013-6-300x113.jpg 300w, https:\/\/ossi.dk\/wp-content\/uploads\/Capabilities-\u2013-6-150x56.jpg 150w, https:\/\/ossi.dk\/wp-content\/uploads\/Capabilities-\u2013-6-600x225.jpg 600w, https:\/\/ossi.dk\/wp-content\/uploads\/Capabilities-\u2013-6-768x288.jpg 768w\" sizes=\"(max-width: 800px) 100vw, 800px\" \/>\t\t\t\t\t<\/div>\n\n\t\t\t\t\t\t<\/div>\n\t\t\t\t<\/div>\n\t\t\t\t<div class=\"elementor-element elementor-element-33babcd elementor-widget elementor-widget-wd_text_block\" data-id=\"33babcd\" data-element_type=\"widget\" data-widget_type=\"wd_text_block.default\">\n\t\t\t\t<div class=\"elementor-widget-container\">\n\t\t\t\t\t\t\t<div class=\"wd-text-block reset-last-child text-left\">\n\t\t\t\n\t\t\t<p>Stanzen<\/p>\n\t\t\t\t\t<\/div>\n\t\t\t\t\t\t<\/div>\n\t\t\t\t<\/div>\n\t\t\t\t<div class=\"elementor-element elementor-element-e9c2372 elementor-widget elementor-widget-wd_image_or_svg\" data-id=\"e9c2372\" data-element_type=\"widget\" data-widget_type=\"wd_image_or_svg.default\">\n\t\t\t\t<div class=\"elementor-widget-container\">\n\t\t\t\t\t\n\t\t<div class=\"wd-image text-left\">\n\t\t\t\t\t\t\t\t<img loading=\"lazy\" decoding=\"async\" width=\"800\" height=\"300\" src=\"https:\/\/ossi.dk\/wp-content\/uploads\/Capabilities-\u2013-5.jpg\" class=\"attachment-full size-full\" alt=\"\" srcset=\"https:\/\/ossi.dk\/wp-content\/uploads\/Capabilities-\u2013-5.jpg 800w, https:\/\/ossi.dk\/wp-content\/uploads\/Capabilities-\u2013-5-300x113.jpg 300w, https:\/\/ossi.dk\/wp-content\/uploads\/Capabilities-\u2013-5-150x56.jpg 150w, https:\/\/ossi.dk\/wp-content\/uploads\/Capabilities-\u2013-5-600x225.jpg 600w, https:\/\/ossi.dk\/wp-content\/uploads\/Capabilities-\u2013-5-768x288.jpg 768w\" sizes=\"(max-width: 800px) 100vw, 800px\" \/>\t\t\t\t\t<\/div>\n\n\t\t\t\t\t\t<\/div>\n\t\t\t\t<\/div>\n\t\t\t\t<div class=\"elementor-element elementor-element-1f96f52 elementor-widget elementor-widget-wd_text_block\" data-id=\"1f96f52\" data-element_type=\"widget\" data-widget_type=\"wd_text_block.default\">\n\t\t\t\t<div class=\"elementor-widget-container\">\n\t\t\t\t\t\t\t<div class=\"wd-text-block reset-last-child text-left\">\n\t\t\t\n\t\t\t<p>CNC-Bearbeitung<\/p>\n\t\t\t\t\t<\/div>\n\t\t\t\t\t\t<\/div>\n\t\t\t\t<\/div>\n\t\t\t\t\t<\/div>\n\t\t<\/div>\n\t\t\t\t\t<\/div>\n\t\t<\/section>\n\t\t\t\t<\/div>","protected":false},"excerpt":{"rendered":"<p>Design und Entwicklung Bei der Konzeption und Entwicklung neuer Produkte innerhalb unserer eigenen Produktpalette oder kundenspezifischer L\u00f6sungen<\/p>","protected":false},"author":1,"featured_media":7726,"parent":0,"menu_order":0,"comment_status":"closed","ping_status":"closed","template":"","meta":{"footnotes":""},"class_list":["post-7395","page","type-page","status-publish","has-post-thumbnail","hentry"],"yoast_head":"<!-- This site is optimized with the Yoast SEO plugin v24.8.1 - https:\/\/yoast.com\/wordpress\/plugins\/seo\/ -->\n<title>Capabilities | Ossi Connectors<\/title>\n<meta name=\"robots\" content=\"index, follow, max-snippet:-1, max-image-preview:large, max-video-preview:-1\" \/>\n<link rel=\"canonical\" href=\"https:\/\/ossi.dk\/de\/fahigkeiten\/\" \/>\n<meta property=\"og:locale\" content=\"de_DE\" \/>\n<meta property=\"og:type\" content=\"article\" \/>\n<meta property=\"og:title\" content=\"Capabilities | Ossi Connectors\" \/>\n<meta property=\"og:description\" content=\"Design and Development When designing and developing new products within our own range of products or custom deigned solutions we\" \/>\n<meta property=\"og:url\" content=\"https:\/\/ossi.dk\/de\/fahigkeiten\/\" \/>\n<meta property=\"og:site_name\" content=\"Ossi Connectors\" \/>\n<meta property=\"article:publisher\" content=\"https:\/\/www.facebook.com\/people\/Ossi-Connectors-AS\/61552590350182\/\" \/>\n<meta property=\"article:modified_time\" content=\"2023-02-23T09:13:47+00:00\" \/>\n<meta property=\"og:image\" content=\"https:\/\/ossi.dk\/wp-content\/uploads\/Capabilities.jpg\" \/>\n\t<meta property=\"og:image:width\" content=\"1920\" \/>\n\t<meta property=\"og:image:height\" content=\"1080\" \/>\n\t<meta property=\"og:image:type\" content=\"image\/jpeg\" \/>\n<meta name=\"twitter:card\" content=\"summary_large_image\" \/>\n<meta name=\"twitter:label1\" content=\"Gesch\u00e4tzte Lesezeit\" \/>\n\t<meta name=\"twitter:data1\" content=\"2\u00a0Minuten\" \/>\n<script type=\"application\/ld+json\" class=\"yoast-schema-graph\">{\"@context\":\"https:\/\/schema.org\",\"@graph\":[{\"@type\":\"WebPage\",\"@id\":\"https:\/\/ossi.dk\/capabilities\/\",\"url\":\"https:\/\/ossi.dk\/capabilities\/\",\"name\":\"Capabilities | Ossi Connectors\",\"isPartOf\":{\"@id\":\"https:\/\/ossi.dk\/#website\"},\"primaryImageOfPage\":{\"@id\":\"https:\/\/ossi.dk\/capabilities\/#primaryimage\"},\"image\":{\"@id\":\"https:\/\/ossi.dk\/capabilities\/#primaryimage\"},\"thumbnailUrl\":\"https:\/\/ossi.dk\/wp-content\/uploads\/Capabilities.jpg\",\"datePublished\":\"2022-10-19T06:30:03+00:00\",\"dateModified\":\"2023-02-23T09:13:47+00:00\",\"breadcrumb\":{\"@id\":\"https:\/\/ossi.dk\/capabilities\/#breadcrumb\"},\"inLanguage\":\"de\",\"potentialAction\":[{\"@type\":\"ReadAction\",\"target\":[\"https:\/\/ossi.dk\/capabilities\/\"]}]},{\"@type\":\"ImageObject\",\"inLanguage\":\"de\",\"@id\":\"https:\/\/ossi.dk\/capabilities\/#primaryimage\",\"url\":\"https:\/\/ossi.dk\/wp-content\/uploads\/Capabilities.jpg\",\"contentUrl\":\"https:\/\/ossi.dk\/wp-content\/uploads\/Capabilities.jpg\",\"width\":1920,\"height\":1080},{\"@type\":\"BreadcrumbList\",\"@id\":\"https:\/\/ossi.dk\/capabilities\/#breadcrumb\",\"itemListElement\":[{\"@type\":\"ListItem\",\"position\":1,\"name\":\"Home\",\"item\":\"https:\/\/ossi.dk\/\"},{\"@type\":\"ListItem\",\"position\":2,\"name\":\"Capabilities\"}]},{\"@type\":\"WebSite\",\"@id\":\"https:\/\/ossi.dk\/#website\",\"url\":\"https:\/\/ossi.dk\/\",\"name\":\"Ossi Connectors\",\"description\":\"Ossi Connectors A\/S is a leading supplier of interconnection solutions for Datacom, Telecom, Medical, Industrial Automation, Military and Railway Applications. With our vast experience we provide standard components and unique custom designed solutions.\",\"publisher\":{\"@id\":\"https:\/\/ossi.dk\/#organization\"},\"potentialAction\":[{\"@type\":\"SearchAction\",\"target\":{\"@type\":\"EntryPoint\",\"urlTemplate\":\"https:\/\/ossi.dk\/?s={search_term_string}\"},\"query-input\":{\"@type\":\"PropertyValueSpecification\",\"valueRequired\":true,\"valueName\":\"search_term_string\"}}],\"inLanguage\":\"de\"},{\"@type\":\"Organization\",\"@id\":\"https:\/\/ossi.dk\/#organization\",\"name\":\"Ossi Connectors A\/S\",\"url\":\"https:\/\/ossi.dk\/\",\"logo\":{\"@type\":\"ImageObject\",\"inLanguage\":\"de\",\"@id\":\"https:\/\/ossi.dk\/#\/schema\/logo\/image\/\",\"url\":\"https:\/\/ossi.dk\/wp-content\/uploads\/Group-7-1.svg\",\"contentUrl\":\"https:\/\/ossi.dk\/wp-content\/uploads\/Group-7-1.svg\",\"width\":209.116000000000013869794202037155628204345703125,\"height\":107.7930000000000063664629124104976654052734375,\"caption\":\"Ossi Connectors A\/S\"},\"image\":{\"@id\":\"https:\/\/ossi.dk\/#\/schema\/logo\/image\/\"},\"sameAs\":[\"https:\/\/www.facebook.com\/people\/Ossi-Connectors-AS\/61552590350182\/\"]}]}<\/script>\n<!-- \/ Yoast SEO plugin. -->","yoast_head_json":{"title":"Capabilities | Ossi Connectors","robots":{"index":"index","follow":"follow","max-snippet":"max-snippet:-1","max-image-preview":"max-image-preview:large","max-video-preview":"max-video-preview:-1"},"canonical":"https:\/\/ossi.dk\/de\/fahigkeiten\/","og_locale":"de_DE","og_type":"article","og_title":"Capabilities | Ossi Connectors","og_description":"Design and Development When designing and developing new products within our own range of products or custom deigned solutions we","og_url":"https:\/\/ossi.dk\/de\/fahigkeiten\/","og_site_name":"Ossi Connectors","article_publisher":"https:\/\/www.facebook.com\/people\/Ossi-Connectors-AS\/61552590350182\/","article_modified_time":"2023-02-23T09:13:47+00:00","og_image":[{"width":1920,"height":1080,"url":"https:\/\/ossi.dk\/wp-content\/uploads\/Capabilities.jpg","type":"image\/jpeg"}],"twitter_card":"summary_large_image","twitter_misc":{"Gesch\u00e4tzte Lesezeit":"2\u00a0Minuten"},"schema":{"@context":"https:\/\/schema.org","@graph":[{"@type":"WebPage","@id":"https:\/\/ossi.dk\/capabilities\/","url":"https:\/\/ossi.dk\/capabilities\/","name":"Capabilities | Ossi Connectors","isPartOf":{"@id":"https:\/\/ossi.dk\/#website"},"primaryImageOfPage":{"@id":"https:\/\/ossi.dk\/capabilities\/#primaryimage"},"image":{"@id":"https:\/\/ossi.dk\/capabilities\/#primaryimage"},"thumbnailUrl":"https:\/\/ossi.dk\/wp-content\/uploads\/Capabilities.jpg","datePublished":"2022-10-19T06:30:03+00:00","dateModified":"2023-02-23T09:13:47+00:00","breadcrumb":{"@id":"https:\/\/ossi.dk\/capabilities\/#breadcrumb"},"inLanguage":"de","potentialAction":[{"@type":"ReadAction","target":["https:\/\/ossi.dk\/capabilities\/"]}]},{"@type":"ImageObject","inLanguage":"de","@id":"https:\/\/ossi.dk\/capabilities\/#primaryimage","url":"https:\/\/ossi.dk\/wp-content\/uploads\/Capabilities.jpg","contentUrl":"https:\/\/ossi.dk\/wp-content\/uploads\/Capabilities.jpg","width":1920,"height":1080},{"@type":"BreadcrumbList","@id":"https:\/\/ossi.dk\/capabilities\/#breadcrumb","itemListElement":[{"@type":"ListItem","position":1,"name":"Home","item":"https:\/\/ossi.dk\/"},{"@type":"ListItem","position":2,"name":"Capabilities"}]},{"@type":"WebSite","@id":"https:\/\/ossi.dk\/#website","url":"https:\/\/ossi.dk\/","name":"Ossi Connectors","description":"Ossi Connectors A\/S is a leading supplier of interconnection solutions for Datacom, Telecom, Medical, Industrial Automation, Military and Railway Applications. With our vast experience we provide standard components and unique custom designed solutions.","publisher":{"@id":"https:\/\/ossi.dk\/#organization"},"potentialAction":[{"@type":"SearchAction","target":{"@type":"EntryPoint","urlTemplate":"https:\/\/ossi.dk\/?s={search_term_string}"},"query-input":{"@type":"PropertyValueSpecification","valueRequired":true,"valueName":"search_term_string"}}],"inLanguage":"de"},{"@type":"Organization","@id":"https:\/\/ossi.dk\/#organization","name":"Ossi Connectors A\/S","url":"https:\/\/ossi.dk\/","logo":{"@type":"ImageObject","inLanguage":"de","@id":"https:\/\/ossi.dk\/#\/schema\/logo\/image\/","url":"https:\/\/ossi.dk\/wp-content\/uploads\/Group-7-1.svg","contentUrl":"https:\/\/ossi.dk\/wp-content\/uploads\/Group-7-1.svg","width":209.116000000000013869794202037155628204345703125,"height":107.7930000000000063664629124104976654052734375,"caption":"Ossi Connectors A\/S"},"image":{"@id":"https:\/\/ossi.dk\/#\/schema\/logo\/image\/"},"sameAs":["https:\/\/www.facebook.com\/people\/Ossi-Connectors-AS\/61552590350182\/"]}]}},"_links":{"self":[{"href":"https:\/\/ossi.dk\/de\/wp-json\/wp\/v2\/pages\/7395","targetHints":{"allow":["GET"]}}],"collection":[{"href":"https:\/\/ossi.dk\/de\/wp-json\/wp\/v2\/pages"}],"about":[{"href":"https:\/\/ossi.dk\/de\/wp-json\/wp\/v2\/types\/page"}],"author":[{"embeddable":true,"href":"https:\/\/ossi.dk\/de\/wp-json\/wp\/v2\/users\/1"}],"replies":[{"embeddable":true,"href":"https:\/\/ossi.dk\/de\/wp-json\/wp\/v2\/comments?post=7395"}],"version-history":[{"count":3,"href":"https:\/\/ossi.dk\/de\/wp-json\/wp\/v2\/pages\/7395\/revisions"}],"predecessor-version":[{"id":7755,"href":"https:\/\/ossi.dk\/de\/wp-json\/wp\/v2\/pages\/7395\/revisions\/7755"}],"wp:featuredmedia":[{"embeddable":true,"href":"https:\/\/ossi.dk\/de\/wp-json\/wp\/v2\/media\/7726"}],"wp:attachment":[{"href":"https:\/\/ossi.dk\/de\/wp-json\/wp\/v2\/media?parent=7395"}],"curies":[{"name":"wp","href":"https:\/\/api.w.org\/{rel}","templated":true}]}}