{"id":7395,"date":"2022-10-19T08:30:03","date_gmt":"2022-10-19T06:30:03","guid":{"rendered":"http:\/\/46.4.84.82\/~ossi\/?page_id=7395"},"modified":"2023-02-23T10:13:47","modified_gmt":"2023-02-23T09:13:47","slug":"capabilities","status":"publish","type":"page","link":"https:\/\/ossi.dk\/fr\/capacites\/","title":{"rendered":"Capacit\u00e9s"},"content":{"rendered":"<div data-elementor-type=\"wp-page\" data-elementor-id=\"7395\" class=\"elementor elementor-7395\" data-elementor-post-type=\"page\">\n\t\t\t\t\t\t<section class=\"wd-negative-gap elementor-section elementor-top-section elementor-element elementor-element-d7ab9b5 elementor-section-boxed elementor-section-height-default elementor-section-height-default\" data-id=\"d7ab9b5\" data-element_type=\"section\" data-settings=\"{&quot;jet_parallax_layout_list&quot;:[]}\">\n\t\t\t\t\t\t<div class=\"elementor-container elementor-column-gap-default\">\n\t\t\t\t\t<div class=\"elementor-column elementor-col-50 elementor-top-column elementor-element elementor-element-c066d9f\" data-id=\"c066d9f\" data-element_type=\"column\">\n\t\t\t<div class=\"elementor-widget-wrap elementor-element-populated\">\n\t\t\t\t\t\t<div class=\"elementor-element elementor-element-9b2b5ad elementor-widget elementor-widget-heading\" data-id=\"9b2b5ad\" data-element_type=\"widget\" data-widget_type=\"heading.default\">\n\t\t\t\t<div class=\"elementor-widget-container\">\n\t\t\t\t\t<h2 class=\"elementor-heading-title elementor-size-default\">Conception et d\u00e9veloppement<\/h2>\t\t\t\t<\/div>\n\t\t\t\t<\/div>\n\t\t\t\t<div class=\"elementor-element elementor-element-880c764 color-scheme-inherit text-left elementor-widget elementor-widget-text-editor\" data-id=\"880c764\" data-element_type=\"widget\" data-widget_type=\"text-editor.default\">\n\t\t\t\t<div class=\"elementor-widget-container\">\n\t\t\t\t\t\t\t\t\t<div class=\"rtejustify\">Lors de la conception et du d\u00e9veloppement de nouveaux produits au sein de notre propre gamme de produits ou de solutions personnalis\u00e9es, nous travaillons avec notre syst\u00e8me de CAO utilisant SolidWorks\u00ae.<\/div>\n<div class=\"rtejustify\">Pour passer de l'id\u00e9e \u00e0 la production, nous suivons les \u00e9tapes strat\u00e9giques suivantes :<\/div>\n<div>&nbsp;<\/div>\n<ul>\n<li>Sch\u00e9ma de base de la conception des composants<\/li>\n<li>Premi\u00e8re r\u00e9vision du dessin<\/li>\n<li>Prototype<\/li>\n<li>Test<\/li>\n<li>R\u00e8glement du cahier des charges<\/li>\n<li>Deuxi\u00e8me r\u00e9vision du dessin<\/li>\n<li>Dessins d'outils pour le moulage et l'emboutissage<\/li>\n<li>Premiers produits \u00e0 inspecter<\/li>\n<li>Production en s\u00e9rie<\/li>\n<li>Cha\u00eene d'approvisionnement et logistique initi\u00e9es<\/li><\/ul>\t\t\t\t\t\t\t\t<\/div>\n\t\t\t\t<\/div>\n\t\t\t\t<div class=\"elementor-element elementor-element-4d6392c elementor-widget elementor-widget-heading\" data-id=\"4d6392c\" data-element_type=\"widget\" data-widget_type=\"heading.default\">\n\t\t\t\t<div class=\"elementor-widget-container\">\n\t\t\t\t\t<h2 class=\"elementor-heading-title elementor-size-default\">Sous-traitant<\/h2>\t\t\t\t<\/div>\n\t\t\t\t<\/div>\n\t\t\t\t<div class=\"elementor-element elementor-element-0f54119 color-scheme-inherit text-left elementor-widget elementor-widget-text-editor\" data-id=\"0f54119\" data-element_type=\"widget\" data-widget_type=\"text-editor.default\">\n\t\t\t\t<div class=\"elementor-widget-container\">\n\t\t\t\t\t\t\t\t\t<div class=\"rtejustify\"><div class=\"rtejustify\">Dans notre usine de Maribo, les clients b\u00e9n\u00e9ficient de notre exp\u00e9rience et de nos connaissances en tant que fournisseur et prestataire de services de sous-traitance.<\/div><div class=\"rtejustify\">En faisant appel \u00e0 Ossi Connectors pour la sous-traitance, les clients font l'exp\u00e9rience d'un partenaire fiable et soucieux de fournir des solutions dans les domaines suivants :<\/div><div class=\"rtejustify\">\u00a0<\/div><ul><li>D\u00e9veloppement de produits<\/li><li>CAO \/ FAO par SolidWorks<\/li><li>Fabrication d'outils<\/li><li>Prototypes<\/li><li>Production en s\u00e9rie<\/li><li>Assemblage des composants<\/li><li>Service d'emballage de kits et d'emballages en vrac<\/li><li>\u00c9tiquetage priv\u00e9<\/li><li>Surmoulage<\/li><li>Tampographie<\/li><\/ul><\/div>\t\t\t\t\t\t\t\t<\/div>\n\t\t\t\t<\/div>\n\t\t\t\t<div class=\"elementor-element elementor-element-e0cf83a elementor-widget elementor-widget-wd_image_or_svg\" data-id=\"e0cf83a\" data-element_type=\"widget\" data-widget_type=\"wd_image_or_svg.default\">\n\t\t\t\t<div class=\"elementor-widget-container\">\n\t\t\t\t\t\n\t\t<div class=\"wd-image text-left\">\n\t\t\t\t\t\t\t\t<img fetchpriority=\"high\" decoding=\"async\" width=\"800\" height=\"300\" src=\"https:\/\/ossi.dk\/wp-content\/uploads\/Capabilities-\u2013-1.jpg\" class=\"attachment-full size-full\" alt=\"\" srcset=\"https:\/\/ossi.dk\/wp-content\/uploads\/Capabilities-\u2013-1.jpg 800w, https:\/\/ossi.dk\/wp-content\/uploads\/Capabilities-\u2013-1-300x113.jpg 300w, https:\/\/ossi.dk\/wp-content\/uploads\/Capabilities-\u2013-1-150x56.jpg 150w, https:\/\/ossi.dk\/wp-content\/uploads\/Capabilities-\u2013-1-600x225.jpg 600w, https:\/\/ossi.dk\/wp-content\/uploads\/Capabilities-\u2013-1-768x288.jpg 768w\" sizes=\"(max-width: 800px) 100vw, 800px\" \/>\t\t\t\t\t<\/div>\n\n\t\t\t\t\t\t<\/div>\n\t\t\t\t<\/div>\n\t\t\t\t<div class=\"elementor-element elementor-element-e4dce23 elementor-widget elementor-widget-wd_text_block\" data-id=\"e4dce23\" data-element_type=\"widget\" data-widget_type=\"wd_text_block.default\">\n\t\t\t\t<div class=\"elementor-widget-container\">\n\t\t\t\t\t\t\t<div class=\"wd-text-block reset-last-child text-left\">\n\t\t\t\n\t\t\t<p>Robot de tampographie et de foulage<\/p>\n\t\t\t\t\t<\/div>\n\t\t\t\t\t\t<\/div>\n\t\t\t\t<\/div>\n\t\t\t\t<div class=\"elementor-element elementor-element-cd03a87 elementor-widget elementor-widget-wd_image_or_svg\" data-id=\"cd03a87\" data-element_type=\"widget\" data-widget_type=\"wd_image_or_svg.default\">\n\t\t\t\t<div class=\"elementor-widget-container\">\n\t\t\t\t\t\n\t\t<div class=\"wd-image text-left\">\n\t\t\t\t\t\t\t\t<img decoding=\"async\" width=\"800\" height=\"300\" src=\"https:\/\/ossi.dk\/wp-content\/uploads\/Capabilities-\u2013-2.jpg\" class=\"attachment-full size-full\" alt=\"\" srcset=\"https:\/\/ossi.dk\/wp-content\/uploads\/Capabilities-\u2013-2.jpg 800w, https:\/\/ossi.dk\/wp-content\/uploads\/Capabilities-\u2013-2-300x113.jpg 300w, https:\/\/ossi.dk\/wp-content\/uploads\/Capabilities-\u2013-2-150x56.jpg 150w, https:\/\/ossi.dk\/wp-content\/uploads\/Capabilities-\u2013-2-600x225.jpg 600w, https:\/\/ossi.dk\/wp-content\/uploads\/Capabilities-\u2013-2-768x288.jpg 768w\" sizes=\"(max-width: 800px) 100vw, 800px\" \/>\t\t\t\t\t<\/div>\n\n\t\t\t\t\t\t<\/div>\n\t\t\t\t<\/div>\n\t\t\t\t<div class=\"elementor-element elementor-element-3220c6b elementor-widget elementor-widget-wd_text_block\" data-id=\"3220c6b\" data-element_type=\"widget\" data-widget_type=\"wd_text_block.default\">\n\t\t\t\t<div class=\"elementor-widget-container\">\n\t\t\t\t\t\t\t<div class=\"wd-text-block reset-last-child text-left\">\n\t\t\t\n\t\t\t<p>Ligne d'emballage automatis\u00e9e<\/p>\n\t\t\t\t\t<\/div>\n\t\t\t\t\t\t<\/div>\n\t\t\t\t<\/div>\n\t\t\t\t<div class=\"elementor-element elementor-element-ba59a47 elementor-widget elementor-widget-wd_image_or_svg\" data-id=\"ba59a47\" data-element_type=\"widget\" data-widget_type=\"wd_image_or_svg.default\">\n\t\t\t\t<div class=\"elementor-widget-container\">\n\t\t\t\t\t\n\t\t<div class=\"wd-image text-left\">\n\t\t\t\t\t\t\t\t<img decoding=\"async\" width=\"800\" height=\"300\" src=\"https:\/\/ossi.dk\/wp-content\/uploads\/Capabilities-\u2013-3.jpg\" class=\"attachment-full size-full\" alt=\"\" srcset=\"https:\/\/ossi.dk\/wp-content\/uploads\/Capabilities-\u2013-3.jpg 800w, https:\/\/ossi.dk\/wp-content\/uploads\/Capabilities-\u2013-3-300x113.jpg 300w, https:\/\/ossi.dk\/wp-content\/uploads\/Capabilities-\u2013-3-150x56.jpg 150w, https:\/\/ossi.dk\/wp-content\/uploads\/Capabilities-\u2013-3-600x225.jpg 600w, https:\/\/ossi.dk\/wp-content\/uploads\/Capabilities-\u2013-3-768x288.jpg 768w\" sizes=\"(max-width: 800px) 100vw, 800px\" \/>\t\t\t\t\t<\/div>\n\n\t\t\t\t\t\t<\/div>\n\t\t\t\t<\/div>\n\t\t\t\t<div class=\"elementor-element elementor-element-ef04413 elementor-widget elementor-widget-wd_text_block\" data-id=\"ef04413\" data-element_type=\"widget\" data-widget_type=\"wd_text_block.default\">\n\t\t\t\t<div class=\"elementor-widget-container\">\n\t\t\t\t\t\t\t<div class=\"wd-text-block reset-last-child text-left\">\n\t\t\t\n\t\t\t<p>Moulage<\/p>\n\t\t\t\t\t<\/div>\n\t\t\t\t\t\t<\/div>\n\t\t\t\t<\/div>\n\t\t\t\t\t<\/div>\n\t\t<\/div>\n\t\t\t\t<div class=\"elementor-column elementor-col-50 elementor-top-column elementor-element elementor-element-e4c06e2\" data-id=\"e4c06e2\" data-element_type=\"column\">\n\t\t\t<div class=\"elementor-widget-wrap elementor-element-populated\">\n\t\t\t\t\t\t<div class=\"elementor-element elementor-element-c144d4d elementor-widget elementor-widget-heading\" data-id=\"c144d4d\" data-element_type=\"widget\" data-widget_type=\"heading.default\">\n\t\t\t\t<div class=\"elementor-widget-container\">\n\t\t\t\t\t<h2 class=\"elementor-heading-title elementor-size-default\">Moulage en plastique<\/h2>\t\t\t\t<\/div>\n\t\t\t\t<\/div>\n\t\t\t\t<div class=\"elementor-element elementor-element-7395a40 color-scheme-inherit text-left elementor-widget elementor-widget-text-editor\" data-id=\"7395a40\" data-element_type=\"widget\" data-widget_type=\"text-editor.default\">\n\t\t\t\t<div class=\"elementor-widget-container\">\n\t\t\t\t\t\t\t\t\t<div class=\"rtejustify\"><div class=\"rtecenter\"><em><strong>Capacit\u00e9 et technologie<\/strong><\/em><\/div><div class=\"rtecenter\">\u00a0<\/div><div class=\"rtejustify\">Le d\u00e9partement de moulage par injection plastique d'Ossi Connectors utilise des injecteurs horizontaux et verticaux en fonction de la t\u00e2che de moulage. Notre capacit\u00e9 de moulage se situe entre 22 et 100 tonnes de pression et utilise une large gamme de mat\u00e9riaux plastiques non remplis et remplis de verre. Nous moulons par injection \u00e0 la fois des produits standard de notre gamme de produits et divers composants con\u00e7us sur mesure.<\/div><div class=\"rtejustify\">Tous les outils utilis\u00e9s dans la production sont d\u00e9velopp\u00e9s, produits et entretenus par notre service d'outillage conform\u00e9ment aux directives de qualit\u00e9 TQM. Cette proc\u00e9dure nous permet de maximiser la durabilit\u00e9 des outils, d'\u00e9tendre nos connaissances en mati\u00e8re de fabrication d'outils et de minimiser tout risque d'interruption de la production.<\/div><div>\u00a0<\/div><div class=\"rtecenter\"><em><strong>Quelques-uns des mat\u00e9riaux utilis\u00e9s<\/strong><\/em><\/div><div class=\"rtecenter\">\u00a0<\/div><ul><li>Polycarbonate UL94 V0 (PC)<\/li><li>Polyamide UL94 V2 (PA)<\/li><li>Polyamide charg\u00e9 de verre UL94 V2 (PA)<\/li><li>Poly\u00e9thersulfone UL94 V0 (PES)<\/li><li>Elastom\u00e8re thermoplastique UL94 V0 (TPE)<\/li><li>Thermo Plastic Polyurethan UL94 V0 (TPU)<\/li><\/ul><\/div>\t\t\t\t\t\t\t\t<\/div>\n\t\t\t\t<\/div>\n\t\t\t\t<div class=\"elementor-element elementor-element-3749cf0 elementor-widget elementor-widget-heading\" data-id=\"3749cf0\" data-element_type=\"widget\" data-widget_type=\"heading.default\">\n\t\t\t\t<div class=\"elementor-widget-container\">\n\t\t\t\t\t<h2 class=\"elementor-heading-title elementor-size-default\">Fabrication d'outils<\/h2>\t\t\t\t<\/div>\n\t\t\t\t<\/div>\n\t\t\t\t<div class=\"elementor-element elementor-element-698ebd1 color-scheme-inherit text-left elementor-widget elementor-widget-text-editor\" data-id=\"698ebd1\" data-element_type=\"widget\" data-widget_type=\"text-editor.default\">\n\t\t\t\t<div class=\"elementor-widget-container\">\n\t\t\t\t\t\t\t\t\t<div class=\"rtejustify\"><div class=\"rtecenter\"><div class=\"rtecenter\"><em><strong>Outils de moulage par injection de plastique<br \/><br \/><\/strong><\/em><\/div><div class=\"rtejustify\">Chez Ossi Connectors A\/S, nous concevons, d\u00e9veloppons et fabriquons des outils de moulage pour notre gamme de produits standard et pour des solutions personnalis\u00e9es.\u00a0<\/div><div class=\"rtejustify\">Une fois la base de conception \u00e9tablie, l'\u00e9tape suivante du processus de fabrication de l'outil consiste \u00e0 d\u00e9cider du mat\u00e9riau plastique, des tol\u00e9rances, de l'utilisation annuelle estim\u00e9e, du cycle de vie et d'autres param\u00e8tres importants.<\/div><div class=\"rtejustify\">Lorsque tous ces crit\u00e8res sont remplis, le processus de fabrication de l'outil commence.<\/div><div class=\"rtejustify\">Nous avons la capacit\u00e9 de fabriquer tous les outils imaginables, du prototype aux outils d'injection de moulage \u00e0 cavit\u00e9s multiples, capables de produire des quantit\u00e9s d'\u00e9chantillons jusqu'\u00e0 des millions de pi\u00e8ces par an.<\/div><div>\u00a0<\/div><div class=\"rtecenter\"><em><strong>Outils d'estampage<br \/><br \/><\/strong><\/em><\/div><div class=\"rtejustify\">Notre atelier d'outillage offre une vari\u00e9t\u00e9 de services dans la fabrication d'outils d'emboutissage et de formage des m\u00e9taux. Nous d\u00e9veloppons, pr\u00e9parons des conceptions 3D \u00e0 partir de SolidWorks\u00ae et fabriquons des outils dans les domaines d'activit\u00e9 des produits standard et des produits uniques con\u00e7us sur mesure.<\/div><div>\u00a0<\/div><div>Notre atelier d'outillage est \u00e9quip\u00e9 de :<\/div><div>\u00a0<\/div><ul><li>Machines \u00e0 fraiser<\/li><li>Usinage par d\u00e9charge \u00e9lectrique (EDM), par \u00e9tincelle et par fil<\/li><li>Broyeurs<\/li><li>Tours<\/li><\/ul><\/div><\/div>\t\t\t\t\t\t\t\t<\/div>\n\t\t\t\t<\/div>\n\t\t\t\t<div class=\"elementor-element elementor-element-41c5a95 elementor-widget elementor-widget-wd_image_or_svg\" data-id=\"41c5a95\" data-element_type=\"widget\" data-widget_type=\"wd_image_or_svg.default\">\n\t\t\t\t<div class=\"elementor-widget-container\">\n\t\t\t\t\t\n\t\t<div class=\"wd-image text-left\">\n\t\t\t\t\t\t\t\t<img loading=\"lazy\" decoding=\"async\" width=\"800\" height=\"300\" src=\"https:\/\/ossi.dk\/wp-content\/uploads\/Capabilities-\u2013-4.jpg\" class=\"attachment-full size-full\" alt=\"\" srcset=\"https:\/\/ossi.dk\/wp-content\/uploads\/Capabilities-\u2013-4.jpg 800w, https:\/\/ossi.dk\/wp-content\/uploads\/Capabilities-\u2013-4-300x113.jpg 300w, https:\/\/ossi.dk\/wp-content\/uploads\/Capabilities-\u2013-4-150x56.jpg 150w, https:\/\/ossi.dk\/wp-content\/uploads\/Capabilities-\u2013-4-600x225.jpg 600w, https:\/\/ossi.dk\/wp-content\/uploads\/Capabilities-\u2013-4-768x288.jpg 768w\" sizes=\"(max-width: 800px) 100vw, 800px\" \/>\t\t\t\t\t<\/div>\n\n\t\t\t\t\t\t<\/div>\n\t\t\t\t<\/div>\n\t\t\t\t<div class=\"elementor-element elementor-element-c3e6e01 elementor-widget elementor-widget-wd_text_block\" data-id=\"c3e6e01\" data-element_type=\"widget\" data-widget_type=\"wd_text_block.default\">\n\t\t\t\t<div class=\"elementor-widget-container\">\n\t\t\t\t\t\t\t<div class=\"wd-text-block reset-last-child text-left\">\n\t\t\t\n\t\t\t<p>Ligne d'emballage automatis\u00e9e<\/p>\n\t\t\t\t\t<\/div>\n\t\t\t\t\t\t<\/div>\n\t\t\t\t<\/div>\n\t\t\t\t<div class=\"elementor-element elementor-element-b28b30f elementor-widget elementor-widget-wd_image_or_svg\" data-id=\"b28b30f\" data-element_type=\"widget\" data-widget_type=\"wd_image_or_svg.default\">\n\t\t\t\t<div class=\"elementor-widget-container\">\n\t\t\t\t\t\n\t\t<div class=\"wd-image text-left\">\n\t\t\t\t\t\t\t\t<img loading=\"lazy\" decoding=\"async\" width=\"800\" height=\"300\" src=\"https:\/\/ossi.dk\/wp-content\/uploads\/Capabilities-\u2013-6.jpg\" class=\"attachment-full size-full\" alt=\"\" srcset=\"https:\/\/ossi.dk\/wp-content\/uploads\/Capabilities-\u2013-6.jpg 800w, https:\/\/ossi.dk\/wp-content\/uploads\/Capabilities-\u2013-6-300x113.jpg 300w, https:\/\/ossi.dk\/wp-content\/uploads\/Capabilities-\u2013-6-150x56.jpg 150w, https:\/\/ossi.dk\/wp-content\/uploads\/Capabilities-\u2013-6-600x225.jpg 600w, https:\/\/ossi.dk\/wp-content\/uploads\/Capabilities-\u2013-6-768x288.jpg 768w\" sizes=\"(max-width: 800px) 100vw, 800px\" \/>\t\t\t\t\t<\/div>\n\n\t\t\t\t\t\t<\/div>\n\t\t\t\t<\/div>\n\t\t\t\t<div class=\"elementor-element elementor-element-33babcd elementor-widget elementor-widget-wd_text_block\" data-id=\"33babcd\" data-element_type=\"widget\" data-widget_type=\"wd_text_block.default\">\n\t\t\t\t<div class=\"elementor-widget-container\">\n\t\t\t\t\t\t\t<div class=\"wd-text-block reset-last-child text-left\">\n\t\t\t\n\t\t\t<p>Estampillage<\/p>\n\t\t\t\t\t<\/div>\n\t\t\t\t\t\t<\/div>\n\t\t\t\t<\/div>\n\t\t\t\t<div class=\"elementor-element elementor-element-e9c2372 elementor-widget elementor-widget-wd_image_or_svg\" data-id=\"e9c2372\" data-element_type=\"widget\" data-widget_type=\"wd_image_or_svg.default\">\n\t\t\t\t<div class=\"elementor-widget-container\">\n\t\t\t\t\t\n\t\t<div class=\"wd-image text-left\">\n\t\t\t\t\t\t\t\t<img loading=\"lazy\" decoding=\"async\" width=\"800\" height=\"300\" src=\"https:\/\/ossi.dk\/wp-content\/uploads\/Capabilities-\u2013-5.jpg\" class=\"attachment-full size-full\" alt=\"\" srcset=\"https:\/\/ossi.dk\/wp-content\/uploads\/Capabilities-\u2013-5.jpg 800w, https:\/\/ossi.dk\/wp-content\/uploads\/Capabilities-\u2013-5-300x113.jpg 300w, https:\/\/ossi.dk\/wp-content\/uploads\/Capabilities-\u2013-5-150x56.jpg 150w, https:\/\/ossi.dk\/wp-content\/uploads\/Capabilities-\u2013-5-600x225.jpg 600w, https:\/\/ossi.dk\/wp-content\/uploads\/Capabilities-\u2013-5-768x288.jpg 768w\" sizes=\"(max-width: 800px) 100vw, 800px\" \/>\t\t\t\t\t<\/div>\n\n\t\t\t\t\t\t<\/div>\n\t\t\t\t<\/div>\n\t\t\t\t<div class=\"elementor-element elementor-element-1f96f52 elementor-widget elementor-widget-wd_text_block\" data-id=\"1f96f52\" data-element_type=\"widget\" data-widget_type=\"wd_text_block.default\">\n\t\t\t\t<div class=\"elementor-widget-container\">\n\t\t\t\t\t\t\t<div class=\"wd-text-block reset-last-child text-left\">\n\t\t\t\n\t\t\t<p>Usinage CNC<\/p>\n\t\t\t\t\t<\/div>\n\t\t\t\t\t\t<\/div>\n\t\t\t\t<\/div>\n\t\t\t\t\t<\/div>\n\t\t<\/div>\n\t\t\t\t\t<\/div>\n\t\t<\/section>\n\t\t\t\t<\/div>","protected":false},"excerpt":{"rendered":"<p>Conception et d\u00e9veloppement Lors de la conception et du d\u00e9veloppement de nouveaux produits dans le cadre de notre propre gamme de produits ou de solutions personnalis\u00e9es, nous<\/p>","protected":false},"author":1,"featured_media":7726,"parent":0,"menu_order":0,"comment_status":"closed","ping_status":"closed","template":"","meta":{"footnotes":""},"class_list":["post-7395","page","type-page","status-publish","has-post-thumbnail","hentry"],"yoast_head":"<!-- This site is optimized with the Yoast SEO plugin v24.8.1 - https:\/\/yoast.com\/wordpress\/plugins\/seo\/ -->\n<title>Capabilities | Ossi Connectors<\/title>\n<meta name=\"robots\" content=\"index, follow, max-snippet:-1, max-image-preview:large, max-video-preview:-1\" \/>\n<link rel=\"canonical\" href=\"https:\/\/ossi.dk\/fr\/capacites\/\" \/>\n<meta property=\"og:locale\" content=\"fr_FR\" \/>\n<meta property=\"og:type\" content=\"article\" \/>\n<meta property=\"og:title\" content=\"Capabilities | Ossi Connectors\" \/>\n<meta property=\"og:description\" content=\"Design and Development When designing and developing new products within our own range of products or custom deigned solutions we\" \/>\n<meta property=\"og:url\" content=\"https:\/\/ossi.dk\/fr\/capacites\/\" \/>\n<meta property=\"og:site_name\" content=\"Ossi Connectors\" \/>\n<meta property=\"article:publisher\" content=\"https:\/\/www.facebook.com\/people\/Ossi-Connectors-AS\/61552590350182\/\" \/>\n<meta property=\"article:modified_time\" content=\"2023-02-23T09:13:47+00:00\" \/>\n<meta property=\"og:image\" content=\"https:\/\/ossi.dk\/wp-content\/uploads\/Capabilities.jpg\" \/>\n\t<meta property=\"og:image:width\" content=\"1920\" \/>\n\t<meta property=\"og:image:height\" content=\"1080\" \/>\n\t<meta property=\"og:image:type\" content=\"image\/jpeg\" \/>\n<meta name=\"twitter:card\" content=\"summary_large_image\" \/>\n<meta name=\"twitter:label1\" content=\"Dur\u00e9e de lecture estim\u00e9e\" \/>\n\t<meta name=\"twitter:data1\" content=\"2 minutes\" \/>\n<script type=\"application\/ld+json\" class=\"yoast-schema-graph\">{\"@context\":\"https:\/\/schema.org\",\"@graph\":[{\"@type\":\"WebPage\",\"@id\":\"https:\/\/ossi.dk\/capabilities\/\",\"url\":\"https:\/\/ossi.dk\/capabilities\/\",\"name\":\"Capabilities | Ossi Connectors\",\"isPartOf\":{\"@id\":\"https:\/\/ossi.dk\/#website\"},\"primaryImageOfPage\":{\"@id\":\"https:\/\/ossi.dk\/capabilities\/#primaryimage\"},\"image\":{\"@id\":\"https:\/\/ossi.dk\/capabilities\/#primaryimage\"},\"thumbnailUrl\":\"https:\/\/ossi.dk\/wp-content\/uploads\/Capabilities.jpg\",\"datePublished\":\"2022-10-19T06:30:03+00:00\",\"dateModified\":\"2023-02-23T09:13:47+00:00\",\"breadcrumb\":{\"@id\":\"https:\/\/ossi.dk\/capabilities\/#breadcrumb\"},\"inLanguage\":\"fr-FR\",\"potentialAction\":[{\"@type\":\"ReadAction\",\"target\":[\"https:\/\/ossi.dk\/capabilities\/\"]}]},{\"@type\":\"ImageObject\",\"inLanguage\":\"fr-FR\",\"@id\":\"https:\/\/ossi.dk\/capabilities\/#primaryimage\",\"url\":\"https:\/\/ossi.dk\/wp-content\/uploads\/Capabilities.jpg\",\"contentUrl\":\"https:\/\/ossi.dk\/wp-content\/uploads\/Capabilities.jpg\",\"width\":1920,\"height\":1080},{\"@type\":\"BreadcrumbList\",\"@id\":\"https:\/\/ossi.dk\/capabilities\/#breadcrumb\",\"itemListElement\":[{\"@type\":\"ListItem\",\"position\":1,\"name\":\"Home\",\"item\":\"https:\/\/ossi.dk\/\"},{\"@type\":\"ListItem\",\"position\":2,\"name\":\"Capabilities\"}]},{\"@type\":\"WebSite\",\"@id\":\"https:\/\/ossi.dk\/#website\",\"url\":\"https:\/\/ossi.dk\/\",\"name\":\"Ossi Connectors\",\"description\":\"Ossi Connectors A\/S is a leading supplier of interconnection solutions for Datacom, Telecom, Medical, Industrial Automation, Military and Railway Applications. With our vast experience we provide standard components and unique custom designed solutions.\",\"publisher\":{\"@id\":\"https:\/\/ossi.dk\/#organization\"},\"potentialAction\":[{\"@type\":\"SearchAction\",\"target\":{\"@type\":\"EntryPoint\",\"urlTemplate\":\"https:\/\/ossi.dk\/?s={search_term_string}\"},\"query-input\":{\"@type\":\"PropertyValueSpecification\",\"valueRequired\":true,\"valueName\":\"search_term_string\"}}],\"inLanguage\":\"fr-FR\"},{\"@type\":\"Organization\",\"@id\":\"https:\/\/ossi.dk\/#organization\",\"name\":\"Ossi Connectors A\/S\",\"url\":\"https:\/\/ossi.dk\/\",\"logo\":{\"@type\":\"ImageObject\",\"inLanguage\":\"fr-FR\",\"@id\":\"https:\/\/ossi.dk\/#\/schema\/logo\/image\/\",\"url\":\"https:\/\/ossi.dk\/wp-content\/uploads\/Group-7-1.svg\",\"contentUrl\":\"https:\/\/ossi.dk\/wp-content\/uploads\/Group-7-1.svg\",\"width\":209.116000000000013869794202037155628204345703125,\"height\":107.7930000000000063664629124104976654052734375,\"caption\":\"Ossi Connectors A\/S\"},\"image\":{\"@id\":\"https:\/\/ossi.dk\/#\/schema\/logo\/image\/\"},\"sameAs\":[\"https:\/\/www.facebook.com\/people\/Ossi-Connectors-AS\/61552590350182\/\"]}]}<\/script>\n<!-- \/ Yoast SEO plugin. -->","yoast_head_json":{"title":"Capabilities | Ossi Connectors","robots":{"index":"index","follow":"follow","max-snippet":"max-snippet:-1","max-image-preview":"max-image-preview:large","max-video-preview":"max-video-preview:-1"},"canonical":"https:\/\/ossi.dk\/fr\/capacites\/","og_locale":"fr_FR","og_type":"article","og_title":"Capabilities | Ossi Connectors","og_description":"Design and Development When designing and developing new products within our own range of products or custom deigned solutions we","og_url":"https:\/\/ossi.dk\/fr\/capacites\/","og_site_name":"Ossi Connectors","article_publisher":"https:\/\/www.facebook.com\/people\/Ossi-Connectors-AS\/61552590350182\/","article_modified_time":"2023-02-23T09:13:47+00:00","og_image":[{"width":1920,"height":1080,"url":"https:\/\/ossi.dk\/wp-content\/uploads\/Capabilities.jpg","type":"image\/jpeg"}],"twitter_card":"summary_large_image","twitter_misc":{"Dur\u00e9e de lecture estim\u00e9e":"2 minutes"},"schema":{"@context":"https:\/\/schema.org","@graph":[{"@type":"WebPage","@id":"https:\/\/ossi.dk\/capabilities\/","url":"https:\/\/ossi.dk\/capabilities\/","name":"Capabilities | Ossi Connectors","isPartOf":{"@id":"https:\/\/ossi.dk\/#website"},"primaryImageOfPage":{"@id":"https:\/\/ossi.dk\/capabilities\/#primaryimage"},"image":{"@id":"https:\/\/ossi.dk\/capabilities\/#primaryimage"},"thumbnailUrl":"https:\/\/ossi.dk\/wp-content\/uploads\/Capabilities.jpg","datePublished":"2022-10-19T06:30:03+00:00","dateModified":"2023-02-23T09:13:47+00:00","breadcrumb":{"@id":"https:\/\/ossi.dk\/capabilities\/#breadcrumb"},"inLanguage":"fr-FR","potentialAction":[{"@type":"ReadAction","target":["https:\/\/ossi.dk\/capabilities\/"]}]},{"@type":"ImageObject","inLanguage":"fr-FR","@id":"https:\/\/ossi.dk\/capabilities\/#primaryimage","url":"https:\/\/ossi.dk\/wp-content\/uploads\/Capabilities.jpg","contentUrl":"https:\/\/ossi.dk\/wp-content\/uploads\/Capabilities.jpg","width":1920,"height":1080},{"@type":"BreadcrumbList","@id":"https:\/\/ossi.dk\/capabilities\/#breadcrumb","itemListElement":[{"@type":"ListItem","position":1,"name":"Home","item":"https:\/\/ossi.dk\/"},{"@type":"ListItem","position":2,"name":"Capabilities"}]},{"@type":"WebSite","@id":"https:\/\/ossi.dk\/#website","url":"https:\/\/ossi.dk\/","name":"Ossi Connectors","description":"Ossi Connectors A\/S is a leading supplier of interconnection solutions for Datacom, Telecom, Medical, Industrial Automation, Military and Railway Applications. With our vast experience we provide standard components and unique custom designed solutions.","publisher":{"@id":"https:\/\/ossi.dk\/#organization"},"potentialAction":[{"@type":"SearchAction","target":{"@type":"EntryPoint","urlTemplate":"https:\/\/ossi.dk\/?s={search_term_string}"},"query-input":{"@type":"PropertyValueSpecification","valueRequired":true,"valueName":"search_term_string"}}],"inLanguage":"fr-FR"},{"@type":"Organization","@id":"https:\/\/ossi.dk\/#organization","name":"Ossi Connectors A\/S","url":"https:\/\/ossi.dk\/","logo":{"@type":"ImageObject","inLanguage":"fr-FR","@id":"https:\/\/ossi.dk\/#\/schema\/logo\/image\/","url":"https:\/\/ossi.dk\/wp-content\/uploads\/Group-7-1.svg","contentUrl":"https:\/\/ossi.dk\/wp-content\/uploads\/Group-7-1.svg","width":209.116000000000013869794202037155628204345703125,"height":107.7930000000000063664629124104976654052734375,"caption":"Ossi Connectors A\/S"},"image":{"@id":"https:\/\/ossi.dk\/#\/schema\/logo\/image\/"},"sameAs":["https:\/\/www.facebook.com\/people\/Ossi-Connectors-AS\/61552590350182\/"]}]}},"_links":{"self":[{"href":"https:\/\/ossi.dk\/fr\/wp-json\/wp\/v2\/pages\/7395","targetHints":{"allow":["GET"]}}],"collection":[{"href":"https:\/\/ossi.dk\/fr\/wp-json\/wp\/v2\/pages"}],"about":[{"href":"https:\/\/ossi.dk\/fr\/wp-json\/wp\/v2\/types\/page"}],"author":[{"embeddable":true,"href":"https:\/\/ossi.dk\/fr\/wp-json\/wp\/v2\/users\/1"}],"replies":[{"embeddable":true,"href":"https:\/\/ossi.dk\/fr\/wp-json\/wp\/v2\/comments?post=7395"}],"version-history":[{"count":3,"href":"https:\/\/ossi.dk\/fr\/wp-json\/wp\/v2\/pages\/7395\/revisions"}],"predecessor-version":[{"id":7755,"href":"https:\/\/ossi.dk\/fr\/wp-json\/wp\/v2\/pages\/7395\/revisions\/7755"}],"wp:featuredmedia":[{"embeddable":true,"href":"https:\/\/ossi.dk\/fr\/wp-json\/wp\/v2\/media\/7726"}],"wp:attachment":[{"href":"https:\/\/ossi.dk\/fr\/wp-json\/wp\/v2\/media?parent=7395"}],"curies":[{"name":"wp","href":"https:\/\/api.w.org\/{rel}","templated":true}]}}